{"id":1744,"date":"2023-02-03T13:03:53","date_gmt":"2023-02-03T13:03:53","guid":{"rendered":"https:\/\/hudbanatanieri.com\/?page_id=1744"},"modified":"2023-02-03T14:32:03","modified_gmt":"2023-02-03T14:32:03","slug":"pomerancovy-salat","status":"publish","type":"page","link":"https:\/\/hudbanatanieri.cz\/?page_id=1744","title":{"rendered":"Pomeran\u010dov\u00fd sal\u00e1t"},"content":{"rendered":"\t\t<div data-elementor-type=\"wp-page\" data-elementor-id=\"1744\" class=\"elementor elementor-1744\">\n\t\t\t\t\t\t<section class=\"elementor-section elementor-top-section elementor-element elementor-element-743w2s9 elementor-section-height-min-height elementor-section-boxed elementor-section-height-default elementor-section-items-middle\" data-id=\"743w2s9\" data-element_type=\"section\" data-e-type=\"section\" data-settings=\"{&quot;background_background&quot;:&quot;classic&quot;,&quot;shape_divider_bottom&quot;:&quot;wave-brush&quot;}\">\n\t\t\t\t\t\t\t<div class=\"elementor-background-overlay\"><\/div>\n\t\t\t\t\t\t<div class=\"elementor-shape elementor-shape-bottom\" aria-hidden=\"true\" data-negative=\"false\">\n\t\t\t<svg xmlns=\"http:\/\/www.w3.org\/2000\/svg\" viewBox=\"0 0 283.5 27.8\" preserveAspectRatio=\"none\">\n\t<path class=\"elementor-shape-fill\" d=\"M283.5,9.7c0,0-7.3,4.3-14,4.6c-6.8,0.3-12.6,0-20.9-1.5c-11.3-2-33.1-10.1-44.7-5.7\ts-12.1,4.6-18,7.4c-6.6,3.2-20,9.6-36.6,9.3C131.6,23.5,99.5,7.2,86.3,8c-1.4,0.1-6.6,0.8-10.5,2c-3.8,1.2-9.4,3.8-17,4.7\tc-3.2,0.4-8.3,1.1-14.2,0.9c-1.5-0.1-6.3-0.4-12-1.6c-5.7-1.2-11-3.1-15.8-3.7C6.5,9.2,0,10.8,0,10.8V0h283.5V9.7z M260.8,11.3\tc-0.7-1-2-0.4-4.3-0.4c-2.3,0-6.1-1.2-5.8-1.1c0.3,0.1,3.1,1.5,6,1.9C259.7,12.2,261.4,12.3,260.8,11.3z M242.4,8.6\tc0,0-2.4-0.2-5.6-0.9c-3.2-0.8-10.3-2.8-15.1-3.5c-8.2-1.1-15.8,0-15.1,0.1c0.8,0.1,9.6-0.6,17.6,1.1c3.3,0.7,9.3,2.2,12.4,2.7\tC239.9,8.7,242.4,8.6,242.4,8.6z M185.2,8.5c1.7-0.7-13.3,4.7-18.5,6.1c-2.1,0.6-6.2,1.6-10,2c-3.9,0.4-8.9,0.4-8.8,0.5\tc0,0.2,5.8,0.8,11.2,0c5.4-0.8,5.2-1.1,7.6-1.6C170.5,14.7,183.5,9.2,185.2,8.5z M199.1,6.9c0.2,0-0.8-0.4-4.8,1.1\tc-4,1.5-6.7,3.5-6.9,3.7c-0.2,0.1,3.5-1.8,6.6-3C197,7.5,199,6.9,199.1,6.9z M283,6c-0.1,0.1-1.9,1.1-4.8,2.5s-6.9,2.8-6.7,2.7\tc0.2,0,3.5-0.6,7.4-2.5C282.8,6.8,283.1,5.9,283,6z M31.3,11.6c0.1-0.2-1.9-0.2-4.5-1.2s-5.4-1.6-7.8-2C15,7.6,7.3,8.5,7.7,8.6\tC8,8.7,15.9,8.3,20.2,9.3c2.2,0.5,2.4,0.5,5.7,1.6S31.2,11.9,31.3,11.6z M73,9.2c0.4-0.1,3.5-1.6,8.4-2.6c4.9-1.1,8.9-0.5,8.9-0.8\tc0-0.3-1-0.9-6.2-0.3S72.6,9.3,73,9.2z M71.6,6.7C71.8,6.8,75,5.4,77.3,5c2.3-0.3,1.9-0.5,1.9-0.6c0-0.1-1.1-0.2-2.7,0.2\tC74.8,5.1,71.4,6.6,71.6,6.7z M93.6,4.4c0.1,0.2,3.5,0.8,5.6,1.8c2.1,1,1.8,0.6,1.9,0.5c0.1-0.1-0.8-0.8-2.4-1.3\tC97.1,4.8,93.5,4.2,93.6,4.4z M65.4,11.1c-0.1,0.3,0.3,0.5,1.9-0.2s2.6-1.3,2.2-1.2s-0.9,0.4-2.5,0.8C65.3,10.9,65.5,10.8,65.4,11.1\tz M34.5,12.4c-0.2,0,2.1,0.8,3.3,0.9c1.2,0.1,2,0.1,2-0.2c0-0.3-0.1-0.5-1.6-0.4C36.6,12.8,34.7,12.4,34.5,12.4z M152.2,21.1\tc-0.1,0.1-2.4-0.3-7.5-0.3c-5,0-13.6-2.4-17.2-3.5c-3.6-1.1,10,3.9,16.5,4.1C150.5,21.6,152.3,21,152.2,21.1z\"\/>\n\t<path class=\"elementor-shape-fill\" d=\"M269.6,18c-0.1-0.1-4.6,0.3-7.2,0c-7.3-0.7-17-3.2-16.6-2.9c0.4,0.3,13.7,3.1,17,3.3\tC267.7,18.8,269.7,18,269.6,18z\"\/>\n\t<path class=\"elementor-shape-fill\" d=\"M227.4,9.8c-0.2-0.1-4.5-1-9.5-1.2c-5-0.2-12.7,0.6-12.3,0.5c0.3-0.1,5.9-1.8,13.3-1.2\tS227.6,9.9,227.4,9.8z\"\/>\n\t<path class=\"elementor-shape-fill\" d=\"M204.5,13.4c-0.1-0.1,2-1,3.2-1.1c1.2-0.1,2,0,2,0.3c0,0.3-0.1,0.5-1.6,0.4\tC206.4,12.9,204.6,13.5,204.5,13.4z\"\/>\n\t<path class=\"elementor-shape-fill\" d=\"M201,10.6c0-0.1-4.4,1.2-6.3,2.2c-1.9,0.9-6.2,3.1-6.1,3.1c0.1,0.1,4.2-1.6,6.3-2.6\tS201,10.7,201,10.6z\"\/>\n\t<path class=\"elementor-shape-fill\" d=\"M154.5,26.7c-0.1-0.1-4.6,0.3-7.2,0c-7.3-0.7-17-3.2-16.6-2.9c0.4,0.3,13.7,3.1,17,3.3\tC152.6,27.5,154.6,26.8,154.5,26.7z\"\/>\n\t<path class=\"elementor-shape-fill\" d=\"M41.9,19.3c0,0,1.2-0.3,2.9-0.1c1.7,0.2,5.8,0.9,8.2,0.7c4.2-0.4,7.4-2.7,7-2.6\tc-0.4,0-4.3,2.2-8.6,1.9c-1.8-0.1-5.1-0.5-6.7-0.4S41.9,19.3,41.9,19.3z\"\/>\n\t<path class=\"elementor-shape-fill\" d=\"M75.5,12.6c0.2,0.1,2-0.8,4.3-1.1c2.3-0.2,2.1-0.3,2.1-0.5c0-0.1-1.8-0.4-3.4,0\tC76.9,11.5,75.3,12.5,75.5,12.6z\"\/>\n\t<path class=\"elementor-shape-fill\" d=\"M15.6,13.2c0-0.1,4.3,0,6.7,0.5c2.4,0.5,5,1.9,5,2c0,0.1-2.7-0.8-5.1-1.4\tC19.9,13.7,15.7,13.3,15.6,13.2z\"\/>\n<\/svg>\t\t<\/div>\n\t\t\t\t\t<div class=\"elementor-container elementor-column-gap-default\">\n\t\t\t\t\t<div class=\"elementor-column elementor-col-100 elementor-top-column elementor-element elementor-element-c6408c8 envato-kit-62-home\" data-id=\"c6408c8\" data-element_type=\"column\" data-e-type=\"column\" data-settings=\"{&quot;background_background&quot;:&quot;classic&quot;}\">\n\t\t\t<div class=\"elementor-widget-wrap\">\n\t\t\t\t\t\t\t<\/div>\n\t\t<\/div>\n\t\t\t\t\t<\/div>\n\t\t<\/section>\n\t\t\t\t<section class=\"elementor-section elementor-top-section elementor-element elementor-element-azzf2cq elementor-section-content-middle elementor-section-boxed elementor-section-height-default elementor-section-height-default\" data-id=\"azzf2cq\" data-element_type=\"section\" data-e-type=\"section\" data-settings=\"{&quot;background_background&quot;:&quot;classic&quot;}\">\n\t\t\t\t\t\t<div class=\"elementor-container elementor-column-gap-wide\">\n\t\t\t\t\t<div class=\"elementor-column elementor-col-33 elementor-top-column elementor-element elementor-element-21f4082f\" data-id=\"21f4082f\" data-element_type=\"column\" data-e-type=\"column\">\n\t\t\t<div class=\"elementor-widget-wrap elementor-element-populated\">\n\t\t\t\t\t\t<div class=\"elementor-element elementor-element-a0af060 elementor-widget elementor-widget-image\" data-id=\"a0af060\" data-element_type=\"widget\" data-e-type=\"widget\" data-widget_type=\"image.default\">\n\t\t\t\t<div class=\"elementor-widget-container\">\n\t\t\t\t\t\t\t\t\t\t\t\t\t\t\t<img fetchpriority=\"high\" decoding=\"async\" width=\"247\" height=\"204\" src=\"https:\/\/hudbanatanieri.cz\/wp-content\/uploads\/2023\/02\/oliv.jpg\" class=\"attachment-full size-full wp-image-1786\" alt=\"\" \/>\t\t\t\t\t\t\t\t\t\t\t\t\t\t\t<\/div>\n\t\t\t\t<\/div>\n\t\t\t\t\t<\/div>\n\t\t<\/div>\n\t\t\t\t<div class=\"elementor-column elementor-col-66 elementor-top-column elementor-element elementor-element-3f02fa83\" data-id=\"3f02fa83\" data-element_type=\"column\" data-e-type=\"column\">\n\t\t\t<div class=\"elementor-widget-wrap elementor-element-populated\">\n\t\t\t\t\t\t<div class=\"elementor-element elementor-element-56e75335 elementor-widget elementor-widget-heading\" data-id=\"56e75335\" data-element_type=\"widget\" data-e-type=\"widget\" data-widget_type=\"heading.default\">\n\t\t\t\t<div class=\"elementor-widget-container\">\n\t\t\t\t\t<h2 class=\"elementor-heading-title elementor-size-default\">Pomeran\u010dov\u00fd sal\u00e1t pro dva<\/h2>\t\t\t\t<\/div>\n\t\t\t\t<\/div>\n\t\t\t\t<div class=\"elementor-element elementor-element-525dc806 elementor-widget-divider--view-line elementor-widget elementor-widget-divider\" data-id=\"525dc806\" data-element_type=\"widget\" data-e-type=\"widget\" data-widget_type=\"divider.default\">\n\t\t\t\t<div class=\"elementor-widget-container\">\n\t\t\t\t\t\t\t<div class=\"elementor-divider\">\n\t\t\t<span class=\"elementor-divider-separator\">\n\t\t\t\t\t\t<\/span>\n\t\t<\/div>\n\t\t\t\t\t\t<\/div>\n\t\t\t\t<\/div>\n\t\t\t\t<div class=\"elementor-element elementor-element-6d4685e elementor-widget elementor-widget-text-editor\" data-id=\"6d4685e\" data-element_type=\"widget\" data-e-type=\"widget\" data-widget_type=\"text-editor.default\">\n\t\t\t\t<div class=\"elementor-widget-container\">\n\t\t\t\t\t\t\t\t\t<p><span style=\"font-weight: 400;\">2 p\u011bkn\u00e9 vyzr\u00e1l\u00e9 pomeran\u010de<\/span><\/p><p><span style=\"font-weight: 400;\">\u0161petka soli<\/span><\/p><p><span style=\"font-weight: 400;\">hrst oliv<\/span><\/p><p><span style=\"font-weight: 400;\">2 l\u017e\u00edce lehk\u00e9ho olivov\u00e9ho oleje lisovan\u00e9ho za studena\u00a0<\/span><\/p><p><span style=\"font-weight: 400;\">p\u016fl l\u017ei\u010dky \u0159\u00edmsk\u00e9ho km\u00ednu<\/span><\/p><p><span style=\"font-weight: 400;\">p\u016fl l\u017ei\u010dky sladk\u00e9 papriky<\/span><\/p><p><span style=\"font-weight: 400;\">strou\u017eek \u010desneku<\/span><\/p><p><span style=\"font-weight: 400;\">\u0161petka chilli<\/span><\/p><p><span style=\"font-weight: 400;\">citronov\u00e1 \u0161\u0165\u00e1va dle chuti\u00a0\u00a0<\/span><\/p>\t\t\t\t\t\t\t\t<\/div>\n\t\t\t\t<\/div>\n\t\t\t\t\t<\/div>\n\t\t<\/div>\n\t\t\t\t\t<\/div>\n\t\t<\/section>\n\t\t\t\t<section class=\"elementor-section elementor-top-section elementor-element elementor-element-mqoxa11 elementor-section-height-min-height elementor-section-items-stretch elementor-section-content-middle elementor-section-boxed elementor-section-height-default\" data-id=\"mqoxa11\" data-element_type=\"section\" data-e-type=\"section\" data-settings=\"{&quot;background_background&quot;:&quot;gradient&quot;,&quot;shape_divider_top&quot;:&quot;tilt&quot;}\">\n\t\t\t\t\t<div class=\"elementor-shape elementor-shape-top\" aria-hidden=\"true\" data-negative=\"false\">\n\t\t\t<svg xmlns=\"http:\/\/www.w3.org\/2000\/svg\" viewBox=\"0 0 1000 100\" preserveAspectRatio=\"none\">\n\t<path class=\"elementor-shape-fill\" d=\"M0,6V0h1000v100L0,6z\"\/>\n<\/svg>\t\t<\/div>\n\t\t\t\t\t<div class=\"elementor-container elementor-column-gap-default\">\n\t\t\t\t\t<div class=\"elementor-column elementor-col-100 elementor-top-column elementor-element elementor-element-7a6f21b2\" data-id=\"7a6f21b2\" data-element_type=\"column\" data-e-type=\"column\" data-settings=\"{&quot;background_background&quot;:&quot;classic&quot;}\">\n\t\t\t<div class=\"elementor-widget-wrap elementor-element-populated\">\n\t\t\t\t\t\t<div class=\"elementor-element elementor-element-2de8dcc elementor-widget elementor-widget-text-editor\" data-id=\"2de8dcc\" data-element_type=\"widget\" data-e-type=\"widget\" data-widget_type=\"text-editor.default\">\n\t\t\t\t<div class=\"elementor-widget-container\">\n\t\t\t\t\t\t\t\t\t<p><span style=\"font-weight: 400;\">\u00a0 \u00a0 \u00a0Nejsem zast\u00e1ncem hesla jez, abys \u017eil, a\u010d to v d\u011bjin\u00e1ch lidstva celkem \u010dasto mus\u00edme trp\u011bt. Mysl\u00edm, \u017ee j\u00eddlo je mnohem v\u00edc ne\u017e kalorie na p\u0159e\u017eit\u00ed a pokud se \u010dlov\u011bk nep\u0159ej\u00edd\u00e1 a nepl\u00fdtv\u00e1 j\u00eddlem, je kr\u00e1sn\u00e9 j\u00edst dobr\u00e9 v\u011bci a zkoumat, jak ingredience kombinovat.\u00a0<\/span><\/p><p><span style=\"font-weight: 400;\">\u00a0 \u00a0 \u00a0 N\u011bkdy n\u00e1m \u017eivot p\u0159inese obdob\u00ed, kdy to nen\u00ed \u017e\u00e1dn\u00e1 velk\u00e1 sl\u00e1va a \u010dlov\u011bk pak schne vnit\u0159n\u011b i navenek, jako sluncem vysu\u0161en\u00e1 oliva. \u010cek\u00e1, co z n\u00ed kdo je\u0161t\u011b vym\u00e1\u010dkne, kam j\u00ed nalo\u017e\u00ed, co se stane, kdy\u017e spadne na zem, kam se zakut\u00e1l\u00ed\u2026<\/span><\/p><p><span style=\"font-weight: 400;\">Pokud se ale oliva dostane do tohoto sal\u00e1tu, jist\u011b bude znovu \u0161\u0165astna ve spole\u010dnosti \u0161\u0165\u00e1vy sladk\u00e9ho pomeran\u010de, olivov\u00e9ho oleje a dal\u0161\u00edch p\u0159\u00edsad. Ale poj\u010fme u\u017e kr\u00e1jet, a\u0165 oliva nem\u00e1 dlouh\u00e9 \u010dek\u00e1n\u00ed.\u00a0<\/span><\/p><p><span style=\"font-weight: 400;\">\u00a0<\/span><\/p><p><span style=\"font-weight: 400;\">Sal\u00e1t pro dva a\u017e \u010dty\u0159i:<\/span><\/p><p><span style=\"font-weight: 400;\">\u00a0<\/span><\/p><p><span style=\"font-weight: 400;\">\u00a0 \u00a0 Vezm\u011bme tedy 2 pomeran\u010de, p\u011bkn\u011b vyzr\u00e1l\u00e9 a sladk\u00e9, pln\u00e9 \u0161\u0165\u00e1vy. Na kvalit\u011b pomeran\u010d\u016f bude v\u00fdsledek hodn\u011b z\u00e1viset. Pomeran\u010de oloupejte a o\u010dist\u011bte dob\u0159e i b\u00edlou slupku, ta je toti\u017e ho\u0159k\u00e1. D\u00edlky nakr\u00e1jejte na men\u0161\u00ed kousky nap\u0159\u00ed\u010d a vlo\u017ete do n\u011bjak\u00e9 kr\u00e1sn\u00e9 misky. Nesm\u00edme zapom\u00ednat, \u017ee j\u00eddlo se j\u00ed tak\u00e9 o\u010dima a proto\u017ee tenhle sal\u00e1t poch\u00e1z\u00ed z \u00a0Maroka, takovou pestrou, kr\u00e1sn\u011b zdobenou m\u00edsu si ur\u010dit\u011b zaslou\u017e\u00ed. Te\u010f pomeran\u010de jemn\u011b osolte. Ne nebojte se, sal\u00e1t nebude slan\u00fd, ale s\u016fl d\u00e1 l\u00e9pe vyniknout v\u0161em chut\u00edm.\u00a0 Za\u010dn\u011bte opravdu mal\u00fdm mno\u017estv\u00edm, abyste m\u011bli efekt pod kontrolou. P\u0159idat m\u016f\u017eete v\u017edycky. D\u00e1le si p\u0159ipravte dobr\u00e9 \u010dern\u00e9 olivy a n\u011bkolik jich do pomeran\u010d\u016f vm\u00edchejte. Olivy m\u016f\u017eete nakr\u00e1jet, nebo jen nap\u016fl p\u0159ekrojit nap\u0159\u00ed\u010d. To pak d\u011blaj\u00ed takovou otev\u0159enou pusinku a je to v\u00fdhodn\u00e9 pro to, \u017ee do sebe pust\u00ed \u0161\u0165\u00e1vu. Kolik jich tam d\u00e1te, z\u00e1le\u017e\u00ed na va\u0161\u00ed chuti. J\u00e1 m\u00e1m olivy r\u00e1d a na jeden pomeran\u010d bych jich mohl m\u00edt klidn\u011b 4 ks i v\u00edc.\u00a0<\/span><\/p><p><span style=\"font-weight: 400;\">\u00a0 \u00a0 \u00a0 \u00a0U\u017e vid\u00edte ten kontrast barev a pozorujete, jak se k sob\u011b choul\u00ed? Moc je ale zbyte\u010dn\u011b nepo\u0161\u0165uchujte, aby se pomeran\u010d nerozbil. Rad\u011bji je zak\u00e1pn\u011bte asi 2-3 pol\u00e9vkov\u00fdmi l\u017e\u00edcemi olivov\u00e9ho oleje. Pochopiteln\u011b toho nejlep\u0161\u00edho. D\u011bl\u00e1me sal\u00e1t, nic se neva\u0159\u00ed a chut\u011b mus\u00ed b\u00fdt kr\u00e1sn\u011b \u010dist\u00e9.\u00a0<\/span><\/p><p><span style=\"font-weight: 400;\">\u00a0 \u00a0 \u00a0 Do sal\u00e1tu p\u0159id\u00e1me d\u00e1le ko\u0159en\u00ed. V hmo\u017ed\u00ed\u0159i si nadr\u0165te asi p\u016fl l\u017ei\u010dky \u0159\u00edmsk\u00e9ho km\u00ednu a pomeran\u010de jemn\u011b posypte. Stejn\u00e9 mno\u017estv\u00ed budete pot\u0159ebovat i sladk\u00e9 papriky. P\u0159idat m\u016f\u017eete i \u0161petku mlet\u00e9ho chilli, sal\u00e1t pak bude pikantn\u00ed. Opravdov\u00e9 v\u00fdjime\u010dnosti dos\u00e1hneme p\u0159id\u00e1n\u00edm \u010desneku. J\u00e1 v\u00edm, je to pro n\u00e1s hodn\u011b nezvykl\u00e9, ale nebojte se toho a jeden strou\u017eek tam p\u0159idejte. Nelisujte, ale nasekejte na drobno. V sal\u00e1tu je \u010desnek \u00fapln\u011b nepostradateln\u00fd kontrast ke sladkokysel\u00e9mu t\u00f3nu a k chuti olivy. Kdy\u017e se sal\u00e1t j\u00ed, mal\u00fd kousek \u010derstv\u00e9ho \u010desneku dok\u00e1\u017ee jaz\u00fd\u010dek po\u0159\u00e1dn\u011b probrat z letargie olizov\u00e1n\u00ed sladk\u00e9ho pomeran\u010de. Na z\u00e1v\u011br p\u0159idejte i trochu citronov\u00e9 \u0161\u0165\u00e1vy a jemn\u011b prom\u00edchejte. Oliva z\u00e1\u0159\u00ed a leskne se, obalena olejem v zapadaj\u00edc\u00edm slunci &#8211; pomeran\u010di, ozdoben\u00e1 drahokamy nasekan\u00e9ho \u010desneku a my se t\u011b\u0161\u00edme na prvn\u00ed sousto, a\u017e si mus\u00edme polknout, zat\u00edm jen na pr\u00e1zdno. Sal\u00e1t jezte \u010derstv\u011b sm\u00edchan\u00fd, chut\u011b by se nem\u011bly p\u0159\u00edli\u0161 prolnout.<\/span><\/p><p><span style=\"font-weight: 400;\">\u00a0 \u00a0Kdybyste se n\u011bkdy c\u00edtili, jako ta oliva, ud\u011blejte si tento sal\u00e1t a vzpome\u0148te na na\u0161i p\u00edsni\u010dku a hlavn\u011b na chv\u00edle, kdy jste \u201ejedli slunce spolu\u201c s n\u011bk\u00fdm, s k\u00fdm v\u00e1m bylo dob\u0159e. Ono to z\u016fstalo n\u011bkde ve v\u00e1s a m\u00e1 jist\u011b s\u00edlu v\u00e1s i znovu zah\u0159\u00e1t. Dobrou chu\u0165!<\/span><\/p>\t\t\t\t\t\t\t\t<\/div>\n\t\t\t\t<\/div>\n\t\t\t\t\t<\/div>\n\t\t<\/div>\n\t\t\t\t\t<\/div>\n\t\t<\/section>\n\t\t\t\t<\/div>\n\t\t","protected":false},"excerpt":{"rendered":"<p>Pomeran\u010dov\u00fd sal\u00e1t pro dva 2 p\u011bkn\u00e9 vyzr\u00e1l\u00e9 pomeran\u010de \u0161petka soli hrst oliv 2 l\u017e\u00edce lehk\u00e9ho olivov\u00e9ho oleje lisovan\u00e9ho za studena\u00a0 p\u016fl l\u017ei\u010dky \u0159\u00edmsk\u00e9ho km\u00ednu p\u016fl l\u017ei\u010dky sladk\u00e9 papriky strou\u017eek \u010desneku \u0161petka chilli citronov\u00e1 \u0161\u0165\u00e1va dle chuti\u00a0\u00a0 \u00a0 \u00a0 \u00a0Nejsem zast\u00e1ncem hesla jez, abys \u017eil, a\u010d to v d\u011bjin\u00e1ch lidstva celkem \u010dasto mus\u00edme trp\u011bt. Mysl\u00edm, \u017ee &hellip;<\/p>\n<p class=\"read-more\"> <a class=\"\" href=\"https:\/\/hudbanatanieri.cz\/?page_id=1744\"> <span class=\"screen-reader-text\">Pomeran\u010dov\u00fd sal\u00e1t<\/span> Read More &raquo;<\/a><\/p>\n","protected":false},"author":1,"featured_media":0,"parent":0,"menu_order":0,"comment_status":"closed","ping_status":"closed","template":"","meta":{"site-sidebar-layout":"no-sidebar","site-content-layout":"page-builder","ast-global-header-display":"","ast-main-header-display":"","ast-hfb-above-header-display":"","ast-hfb-below-header-display":"","ast-hfb-mobile-header-display":"","site-post-title":"disabled","ast-breadcrumbs-content":"","ast-featured-img":"disabled","footer-sml-layout":"","theme-transparent-header-meta":"","adv-header-id-meta":"","stick-header-meta":"","header-above-stick-meta":"","header-main-stick-meta":"","header-below-stick-meta":"","footnotes":""},"class_list":["post-1744","page","type-page","status-publish","hentry"],"_links":{"self":[{"href":"https:\/\/hudbanatanieri.cz\/index.php?rest_route=\/wp\/v2\/pages\/1744","targetHints":{"allow":["GET"]}}],"collection":[{"href":"https:\/\/hudbanatanieri.cz\/index.php?rest_route=\/wp\/v2\/pages"}],"about":[{"href":"https:\/\/hudbanatanieri.cz\/index.php?rest_route=\/wp\/v2\/types\/page"}],"author":[{"embeddable":true,"href":"https:\/\/hudbanatanieri.cz\/index.php?rest_route=\/wp\/v2\/users\/1"}],"replies":[{"embeddable":true,"href":"https:\/\/hudbanatanieri.cz\/index.php?rest_route=%2Fwp%2Fv2%2Fcomments&post=1744"}],"version-history":[{"count":52,"href":"https:\/\/hudbanatanieri.cz\/index.php?rest_route=\/wp\/v2\/pages\/1744\/revisions"}],"predecessor-version":[{"id":1820,"href":"https:\/\/hudbanatanieri.cz\/index.php?rest_route=\/wp\/v2\/pages\/1744\/revisions\/1820"}],"wp:attachment":[{"href":"https:\/\/hudbanatanieri.cz\/index.php?rest_route=%2Fwp%2Fv2%2Fmedia&parent=1744"}],"curies":[{"name":"wp","href":"https:\/\/api.w.org\/{rel}","templated":true}]}}