{"id":1513,"date":"2022-09-20T14:44:43","date_gmt":"2022-09-20T14:44:43","guid":{"rendered":"https:\/\/hudbanatanieri.cz\/?page_id=1513"},"modified":"2026-04-04T19:29:10","modified_gmt":"2026-04-04T19:29:10","slug":"koncerty","status":"publish","type":"page","link":"https:\/\/hudbanatanieri.cz\/?page_id=1513","title":{"rendered":"Koncerty"},"content":{"rendered":"\t\t<div data-elementor-type=\"wp-page\" data-elementor-id=\"1513\" class=\"elementor elementor-1513\">\n\t\t\t\t\t\t<section class=\"elementor-section elementor-top-section elementor-element elementor-element-638a891 elementor-section-boxed elementor-section-height-default elementor-section-height-default\" data-id=\"638a891\" data-element_type=\"section\" data-e-type=\"section\" data-settings=\"{&quot;background_background&quot;:&quot;classic&quot;}\">\n\t\t\t\t\t\t<div class=\"elementor-container elementor-column-gap-default\">\n\t\t\t\t\t<div class=\"elementor-column elementor-col-100 elementor-top-column elementor-element elementor-element-586eb6e\" data-id=\"586eb6e\" data-element_type=\"column\" data-e-type=\"column\">\n\t\t\t<div class=\"elementor-widget-wrap elementor-element-populated\">\n\t\t\t\t\t\t<div class=\"elementor-element elementor-element-92dce96 elementor-widget elementor-widget-heading\" data-id=\"92dce96\" data-element_type=\"widget\" data-e-type=\"widget\" data-widget_type=\"heading.default\">\n\t\t\t\t<div class=\"elementor-widget-container\">\n\t\t\t\t\t<h2 class=\"elementor-heading-title elementor-size-large\">Koncerty\/ concerts<\/h2>\t\t\t\t<\/div>\n\t\t\t\t<\/div>\n\t\t\t\t<div class=\"elementor-element elementor-element-dae87a4 elementor-widget-divider--separator-type-pattern elementor-widget-divider--no-spacing elementor-widget-divider--view-line elementor-widget elementor-widget-divider\" data-id=\"dae87a4\" data-element_type=\"widget\" data-e-type=\"widget\" data-widget_type=\"divider.default\">\n\t\t\t\t<div class=\"elementor-widget-container\">\n\t\t\t\t\t\t\t<div class=\"elementor-divider\" style=\"--divider-pattern-url: url(&quot;data:image\/svg+xml,%3Csvg xmlns=&#039;http:\/\/www.w3.org\/2000\/svg&#039; preserveAspectRatio=&#039;xMidYMid meet&#039; overflow=&#039;visible&#039; height=&#039;100%&#039; viewBox=&#039;0 0 120 26&#039; fill=&#039;black&#039; stroke=&#039;none&#039;%3E%3Cpath d=&#039;M54,1.6V26h-9V2.5L54,1.6z M69,1.6v23.3L60,26V1.6H69z M24,1.6v23.5l-9-0.6V1.6H24z M30,0l9,0.7v24.5h-9V0z M9,2.5v22H0V3.7L9,2.5z M75,1.6l9,0.9v22h-9V1.6z M99,2.7v21.7h-9V3.8L99,2.7z M114,3.8v20.7l-9-0.5V3.8L114,3.8z&#039;\/%3E%3C\/svg%3E&quot;);\">\n\t\t\t<span class=\"elementor-divider-separator\">\n\t\t\t\t\t\t<\/span>\n\t\t<\/div>\n\t\t\t\t\t\t<\/div>\n\t\t\t\t<\/div>\n\t\t\t\t\t<\/div>\n\t\t<\/div>\n\t\t\t\t\t<\/div>\n\t\t<\/section>\n\t\t\t\t<section class=\"elementor-section elementor-top-section elementor-element elementor-element-956027b elementor-section-boxed elementor-section-height-default elementor-section-height-default\" data-id=\"956027b\" data-element_type=\"section\" data-e-type=\"section\" data-settings=\"{&quot;background_background&quot;:&quot;classic&quot;}\">\n\t\t\t\t\t\t<div class=\"elementor-container elementor-column-gap-default\">\n\t\t\t\t\t<div class=\"elementor-column elementor-col-100 elementor-top-column elementor-element elementor-element-6b16a64\" data-id=\"6b16a64\" data-element_type=\"column\" data-e-type=\"column\" data-settings=\"{&quot;background_background&quot;:&quot;slideshow&quot;,&quot;background_slideshow_gallery&quot;:[],&quot;background_slideshow_loop&quot;:&quot;yes&quot;,&quot;background_slideshow_slide_duration&quot;:5000,&quot;background_slideshow_slide_transition&quot;:&quot;fade&quot;,&quot;background_slideshow_transition_duration&quot;:500}\">\n\t\t\t<div class=\"elementor-widget-wrap elementor-element-populated\">\n\t\t\t\t\t\t<section class=\"elementor-section elementor-inner-section elementor-element elementor-element-672507d elementor-section-boxed elementor-section-height-default elementor-section-height-default\" data-id=\"672507d\" data-element_type=\"section\" data-e-type=\"section\" data-settings=\"{&quot;background_background&quot;:&quot;classic&quot;}\">\n\t\t\t\t\t\t<div class=\"elementor-container elementor-column-gap-default\">\n\t\t\t\t\t<div class=\"elementor-column elementor-col-50 elementor-inner-column elementor-element elementor-element-773b3be\" data-id=\"773b3be\" data-element_type=\"column\" data-e-type=\"column\" data-settings=\"{&quot;background_background&quot;:&quot;classic&quot;}\">\n\t\t\t<div class=\"elementor-widget-wrap elementor-element-populated\">\n\t\t\t\t\t\t<div class=\"elementor-element elementor-element-cb5b459 elementor-widget elementor-widget-text-editor\" data-id=\"cb5b459\" data-element_type=\"widget\" data-e-type=\"widget\" data-widget_type=\"text-editor.default\">\n\t\t\t\t<div class=\"elementor-widget-container\">\n\t\t\t\t\t\t\t\t\t<p style=\"text-align: left;\">Pl\u00e1novan\u00e9 koncerty:<\/p><p style=\"text-align: left;\">18.5.2026\u00a0 Frankfurt nad Mohanom<\/p><p style=\"text-align: left;\">3.9.2026\u00a0 \u00a0Trondheim N\u00f3rsko<\/p><p style=\"text-align: left;\">10.9.2026\u00a0 Velk\u00e1 synagoga Plze\u0148<\/p><p style=\"text-align: left;\">11.9.2026\u00a0 \u00a0Synagoga Kdyn\u011b<\/p>\t\t\t\t\t\t\t\t<\/div>\n\t\t\t\t<\/div>\n\t\t\t\t\t<\/div>\n\t\t<\/div>\n\t\t\t\t<div class=\"elementor-column elementor-col-50 elementor-inner-column elementor-element elementor-element-220e86e\" data-id=\"220e86e\" data-element_type=\"column\" data-e-type=\"column\">\n\t\t\t<div class=\"elementor-widget-wrap elementor-element-populated\">\n\t\t\t\t\t\t<div class=\"elementor-element elementor-element-130a27d elementor-widget elementor-widget-text-editor\" data-id=\"130a27d\" data-element_type=\"widget\" data-e-type=\"widget\" data-widget_type=\"text-editor.default\">\n\t\t\t\t<div class=\"elementor-widget-container\">\n\t\t\t\t\t\t\t\t\t<p>Hist\u00f3ria koncertov:<\/p><p>18.7.2019\u00a0 N\u00e1dvorie Gal\u00e9rie kreslen\u00e9ho humoru v Novom Meste nad V\u00e1hom<\/p><p>2.8.2019\u00a0 Festival \u017eidovsk\u00e9 kultury \u0160amajim, T\u0159eb\u00ed\u010d<\/p><p>\u00a0<\/p><p>6.9.2020\u00a0 \u00a0Cesta nezn\u00e1ma, synag\u00f3ga Lu\u010denec<\/p><p>\u00a0<\/p><p>28., 29.8.2021\u00a0 Letn\u00ed v\u00edkendy p\u0159ed zadn\u00ed synagogou, T\u0159eb\u00ed\u010d<\/p><p>2.9.2021\u00a0 \u00a0Synagoga Plze\u0148<\/p><p>3.9.2021\u00a0 \u00a0Synagoga Kdyn\u011b<\/p><p>4.9.2021\u00a0 \u00a0Synagoga Turnov<\/p><p>10.9.2021\u00a0 1.ro\u010dn\u00edk Festivalu \u017eidovskej kult\u00fary v Novom Meste nad V\u00e1hom<\/p><p>\u00a0<\/p><p>19.3.2022\u00a0 \u00a0Z\u00e1mek \u010cakovice, Praha<\/p><p>16.6.2022\u00a0 \u00a0M\u00fazeum \u017eidovskej kult\u00fary Bratislava<\/p><p>30.7.2022\u00a0 Festival \u017eidovsk\u00e9 kultury \u0160amajim, T\u0159eb\u00ed\u010d<\/p><p>19.8.2022\u00a0 \u00a0Man\u011bt\u00edn<\/p><p>20.8.2022\u00a0 Synagoga \u010ckyn\u011b<\/p><p>21.8.2022\u00a0 Konstantinovy L\u00e1zn\u011b, Synagoga Plze\u0148<\/p><p>10.11.2022 Teplick\u00fd Cimes<\/p><p>\u00a0<\/p><p>26.1.2023\u00a0 Dom umenia\u00a0 Pie\u0161\u0165any<\/p><p>3.5.2023\u00a0 Knihovna Klatovy<br \/>4.5.2023\u00a0 Konstantinovy L\u00e1zn\u011b<br \/>3.6.2023\u00a0 Rajeck\u00e9 Teplice<br \/>3.8.2023\u00a0 Synagoga T\u0159eb\u00ed\u010d, Festival \u017eidovsk\u00e9 kultury \u0160amajim<\/p><p>26.8.2023\u00a0 Z\u00e1mek Velhartice<\/p><p>27.8.2023\u00a0 Konstantinovy L\u00e1zn\u011b<\/p><p>10.9.2023\u00a0 Synag\u00f3ga Levice, Pam\u00e4tn\u00fd de\u0148 holokaustu<\/p><p>9.12.2023\u00a0 Chanuka u Bauer\u016f, T\u0159eb\u00ed\u010d<\/p><p>11.12.2023\u00a0 Chanuka \u017dNO Tren\u010d\u00edn<\/p><p>\u00a0<\/p><p><strong>\u00a0<\/strong>22.1.2024\u00a0 Jewish Film Festival New York, hudobn\u00e9 soire\u00e9 pri uveden\u00ed filmu 999<\/p><p>25.1.2024\u00a0 Vilna\u00a0 Shul Boston<\/p><p>26.5.2024\u00a0 Synag\u00f3ga \u0160a\u0161t\u00edn-Str\u00e1\u017ee<\/p><p>11.9.2025\u00a0 Galanta \u2013 Dni \u017eidovskej kult\u00fary<\/p><p>12.9.2025\u00a0 Synag\u00f3ga Levice, Festival \u017eidovskej kult\u00fary<\/p><p>14.9.2025\u00a0 SynagogaKdyn\u011b<\/p><p>\u00a0<\/p><p>23.3.2026\u00a0 Slovensk\u00fd kult\u00farny in\u0161tit\u00fat Berl\u00edn<\/p>\t\t\t\t\t\t\t\t<\/div>\n\t\t\t\t<\/div>\n\t\t\t\t\t<\/div>\n\t\t<\/div>\n\t\t\t\t\t<\/div>\n\t\t<\/section>\n\t\t\t\t\t<\/div>\n\t\t<\/div>\n\t\t\t\t\t<\/div>\n\t\t<\/section>\n\t\t\t\t<section class=\"elementor-section elementor-top-section elementor-element elementor-element-517ee42 elementor-section-boxed elementor-section-height-default elementor-section-height-default\" data-id=\"517ee42\" data-element_type=\"section\" data-e-type=\"section\">\n\t\t\t\t\t\t<div class=\"elementor-container elementor-column-gap-default\">\n\t\t\t\t\t<div class=\"elementor-column elementor-col-100 elementor-top-column elementor-element elementor-element-a976604\" data-id=\"a976604\" data-element_type=\"column\" data-e-type=\"column\">\n\t\t\t<div class=\"elementor-widget-wrap\">\n\t\t\t\t\t\t\t<\/div>\n\t\t<\/div>\n\t\t\t\t\t<\/div>\n\t\t<\/section>\n\t\t\t\t<\/div>\n\t\t","protected":false},"excerpt":{"rendered":"<p>Koncerty\/ concerts Pl\u00e1novan\u00e9 koncerty: 18.5.2026\u00a0 Frankfurt nad Mohanom 3.9.2026\u00a0 \u00a0Trondheim N\u00f3rsko 10.9.2026\u00a0 Velk\u00e1 synagoga Plze\u0148 11.9.2026\u00a0 \u00a0Synagoga Kdyn\u011b Hist\u00f3ria koncertov: 18.7.2019\u00a0 N\u00e1dvorie Gal\u00e9rie kreslen\u00e9ho humoru v Novom Meste nad V\u00e1hom 2.8.2019\u00a0 Festival \u017eidovsk\u00e9 kultury \u0160amajim, T\u0159eb\u00ed\u010d \u00a0 6.9.2020\u00a0 \u00a0Cesta nezn\u00e1ma, synag\u00f3ga Lu\u010denec \u00a0 28., 29.8.2021\u00a0 Letn\u00ed v\u00edkendy p\u0159ed zadn\u00ed synagogou, T\u0159eb\u00ed\u010d 2.9.2021\u00a0 \u00a0Synagoga Plze\u0148 3.9.2021\u00a0 &hellip;<\/p>\n<p class=\"read-more\"> <a class=\"\" href=\"https:\/\/hudbanatanieri.cz\/?page_id=1513\"> <span class=\"screen-reader-text\">Koncerty<\/span> Read More &raquo;<\/a><\/p>\n","protected":false},"author":1,"featured_media":0,"parent":0,"menu_order":0,"comment_status":"closed","ping_status":"closed","template":"","meta":{"site-sidebar-layout":"no-sidebar","site-content-layout":"page-builder","ast-global-header-display":"","ast-main-header-display":"","ast-hfb-above-header-display":"","ast-hfb-below-header-display":"","ast-hfb-mobile-header-display":"","site-post-title":"disabled","ast-breadcrumbs-content":"","ast-featured-img":"disabled","footer-sml-layout":"","theme-transparent-header-meta":"","adv-header-id-meta":"","stick-header-meta":"","header-above-stick-meta":"","header-main-stick-meta":"","header-below-stick-meta":"","footnotes":""},"class_list":["post-1513","page","type-page","status-publish","hentry"],"_links":{"self":[{"href":"https:\/\/hudbanatanieri.cz\/index.php?rest_route=\/wp\/v2\/pages\/1513","targetHints":{"allow":["GET"]}}],"collection":[{"href":"https:\/\/hudbanatanieri.cz\/index.php?rest_route=\/wp\/v2\/pages"}],"about":[{"href":"https:\/\/hudbanatanieri.cz\/index.php?rest_route=\/wp\/v2\/types\/page"}],"author":[{"embeddable":true,"href":"https:\/\/hudbanatanieri.cz\/index.php?rest_route=\/wp\/v2\/users\/1"}],"replies":[{"embeddable":true,"href":"https:\/\/hudbanatanieri.cz\/index.php?rest_route=%2Fwp%2Fv2%2Fcomments&post=1513"}],"version-history":[{"count":86,"href":"https:\/\/hudbanatanieri.cz\/index.php?rest_route=\/wp\/v2\/pages\/1513\/revisions"}],"predecessor-version":[{"id":1954,"href":"https:\/\/hudbanatanieri.cz\/index.php?rest_route=\/wp\/v2\/pages\/1513\/revisions\/1954"}],"wp:attachment":[{"href":"https:\/\/hudbanatanieri.cz\/index.php?rest_route=%2Fwp%2Fv2%2Fmedia&parent=1513"}],"curies":[{"name":"wp","href":"https:\/\/api.w.org\/{rel}","templated":true}]}}