{"id":1458,"date":"2022-08-25T12:36:41","date_gmt":"2022-08-25T12:36:41","guid":{"rendered":"https:\/\/hudbanatanieri.cz\/?page_id=1458"},"modified":"2022-09-21T09:39:17","modified_gmt":"2022-09-21T09:39:17","slug":"clenove","status":"publish","type":"page","link":"https:\/\/hudbanatanieri.cz\/?page_id=1458","title":{"rendered":"\u010clenov\u00e9"},"content":{"rendered":"\t\t<div data-elementor-type=\"wp-page\" data-elementor-id=\"1458\" class=\"elementor elementor-1458\">\n\t\t\t\t\t\t<section class=\"elementor-section elementor-top-section elementor-element elementor-element-7101d94 elementor-section-boxed elementor-section-height-default elementor-section-height-default\" data-id=\"7101d94\" data-element_type=\"section\" data-e-type=\"section\" data-settings=\"{&quot;background_background&quot;:&quot;classic&quot;}\">\n\t\t\t\t\t\t<div class=\"elementor-container elementor-column-gap-default\">\n\t\t\t\t\t<div class=\"elementor-column elementor-col-100 elementor-top-column elementor-element elementor-element-c2c528d\" data-id=\"c2c528d\" data-element_type=\"column\" data-e-type=\"column\">\n\t\t\t<div class=\"elementor-widget-wrap elementor-element-populated\">\n\t\t\t\t\t\t<div class=\"elementor-element elementor-element-80781c8 elementor-widget elementor-widget-heading\" data-id=\"80781c8\" data-element_type=\"widget\" data-e-type=\"widget\" data-widget_type=\"heading.default\">\n\t\t\t\t<div class=\"elementor-widget-container\">\n\t\t\t\t\t<h2 class=\"elementor-heading-title elementor-size-xl\">\u010cLENOV\u00c9 HUDBY NA TANIERI<\/h2>\t\t\t\t<\/div>\n\t\t\t\t<\/div>\n\t\t\t\t\t<\/div>\n\t\t<\/div>\n\t\t\t\t\t<\/div>\n\t\t<\/section>\n\t\t\t\t<section class=\"elementor-section elementor-top-section elementor-element elementor-element-7fdd894 elementor-section-boxed elementor-section-height-default elementor-section-height-default\" data-id=\"7fdd894\" data-element_type=\"section\" data-e-type=\"section\" data-settings=\"{&quot;background_background&quot;:&quot;classic&quot;}\">\n\t\t\t\t\t\t<div class=\"elementor-container elementor-column-gap-default\">\n\t\t\t\t\t<div class=\"elementor-column elementor-col-33 elementor-top-column elementor-element elementor-element-4e09e65\" data-id=\"4e09e65\" data-element_type=\"column\" data-e-type=\"column\">\n\t\t\t<div class=\"elementor-widget-wrap elementor-element-populated\">\n\t\t\t\t\t\t<div class=\"elementor-element elementor-element-de8b9aa elementor-widget elementor-widget-text-editor\" data-id=\"de8b9aa\" data-element_type=\"widget\" data-e-type=\"widget\" data-widget_type=\"text-editor.default\">\n\t\t\t\t<div class=\"elementor-widget-container\">\n\t\t\t\t\t\t\t\t\t<h2><strong>M\u00c1RIA VOL\u00c1ROV\u00c1:<\/strong><\/h2><p><em>V projekte <strong>Hudba na tanieri<\/strong>\u00a0sa mi spojilo v\u0161etko, \u010do m\u00e1m rada. <\/em><br \/><em>Hudba, z\u00e1ujem o\u00a0hist\u00f3riu, literat\u00faru, cestovanie, spozn\u00e1vanie \u013eud\u00ed, inakost\u00ed, chut\u00ed a\u00a0v\u00f4n\u00ed \u017eivota. Moja hudobn\u00e1 cesta sa za\u010dala v\u00a0rodine a\u00a0na ZU\u0160 vo Zvolene, pokra\u010dovala na Konzervat\u00f3riu J.L.Bellu v\u00a0Banskej Bystrici (odbor cirkevn\u00e1 hudba) a Akad\u00e9mii umen\u00ed v\u00a0Banskej Bystrici (odbor dirigovanie zboru).<\/em><\/p><p><em>V\u00a0roku 2016 pri\u0161lo na\u00a0tejto jasne nalinkovanej ceste k ak\u00e9musi vybo\u010deniu, kedy sa mi v\u010faka Ivanovi Kudrnovi otvoril \u00faplne nov\u00fd svet jazzu, klezmeru a improviz\u00e1cie. Pokra\u010dovala som v\u00a0\u0161t\u00fadi\u00e1ch na HUAJA v\u00a0Banskej \u0160tiavnici (odbor jazzov\u00fd klav\u00edr a\u00a0aran\u017eovanie), pri\u010dom som v\u00a0sebe zaznamenala preb\u00fadzaj\u00facu sa t\u00fa\u017ebu po hudobnej tvorbe (hudba k\u00a0divadlu, filmu, muzik\u00e1l, autorsk\u00e9 piesne pre kapelu Hudba na tanieri a\u00a0in\u00e9) a\u00a0medzikult\u00farnym projektom.<\/em><\/p>\t\t\t\t\t\t\t\t<\/div>\n\t\t\t\t<\/div>\n\t\t\t\t\t<\/div>\n\t\t<\/div>\n\t\t\t\t<div class=\"elementor-column elementor-col-66 elementor-top-column elementor-element elementor-element-3bd36f1\" data-id=\"3bd36f1\" data-element_type=\"column\" data-e-type=\"column\">\n\t\t\t<div class=\"elementor-widget-wrap elementor-element-populated\">\n\t\t\t\t\t\t<div class=\"elementor-element elementor-element-4f8d762 elementor-widget elementor-widget-image\" data-id=\"4f8d762\" data-element_type=\"widget\" data-e-type=\"widget\" data-widget_type=\"image.default\">\n\t\t\t\t<div class=\"elementor-widget-container\">\n\t\t\t\t\t\t\t\t\t\t\t\t\t\t\t<img fetchpriority=\"high\" decoding=\"async\" width=\"768\" height=\"512\" src=\"https:\/\/hudbanatanieri.cz\/wp-content\/uploads\/2022\/08\/foto_112-768x512.jpg\" class=\"attachment-medium_large size-medium_large wp-image-1493\" alt=\"\" srcset=\"https:\/\/hudbanatanieri.cz\/wp-content\/uploads\/2022\/08\/foto_112-768x512.jpg 768w, https:\/\/hudbanatanieri.cz\/wp-content\/uploads\/2022\/08\/foto_112-300x200.jpg 300w, https:\/\/hudbanatanieri.cz\/wp-content\/uploads\/2022\/08\/foto_112.jpg 800w\" sizes=\"(max-width: 768px) 100vw, 768px\" \/>\t\t\t\t\t\t\t\t\t\t\t\t\t\t\t<\/div>\n\t\t\t\t<\/div>\n\t\t\t\t\t<\/div>\n\t\t<\/div>\n\t\t\t\t\t<\/div>\n\t\t<\/section>\n\t\t\t\t<section class=\"elementor-section elementor-top-section elementor-element elementor-element-5b0c471 elementor-section-boxed elementor-section-height-default elementor-section-height-default\" data-id=\"5b0c471\" data-element_type=\"section\" data-e-type=\"section\" data-settings=\"{&quot;background_background&quot;:&quot;classic&quot;}\">\n\t\t\t\t\t\t<div class=\"elementor-container elementor-column-gap-default\">\n\t\t\t\t\t<div class=\"elementor-column elementor-col-66 elementor-top-column elementor-element elementor-element-3687796\" data-id=\"3687796\" data-element_type=\"column\" data-e-type=\"column\">\n\t\t\t<div class=\"elementor-widget-wrap elementor-element-populated\">\n\t\t\t\t\t\t<div class=\"elementor-element elementor-element-8ae001b elementor-widget elementor-widget-image\" data-id=\"8ae001b\" data-element_type=\"widget\" data-e-type=\"widget\" data-widget_type=\"image.default\">\n\t\t\t\t<div class=\"elementor-widget-container\">\n\t\t\t\t\t\t\t\t\t\t\t\t\t\t\t<img decoding=\"async\" width=\"768\" height=\"742\" src=\"https:\/\/hudbanatanieri.cz\/wp-content\/uploads\/2022\/08\/111-P7301386-768x742.jpg\" class=\"attachment-medium_large size-medium_large wp-image-1467\" alt=\"\" srcset=\"https:\/\/hudbanatanieri.cz\/wp-content\/uploads\/2022\/08\/111-P7301386-768x742.jpg 768w, https:\/\/hudbanatanieri.cz\/wp-content\/uploads\/2022\/08\/111-P7301386-300x290.jpg 300w, https:\/\/hudbanatanieri.cz\/wp-content\/uploads\/2022\/08\/111-P7301386.jpg 800w\" sizes=\"(max-width: 768px) 100vw, 768px\" \/>\t\t\t\t\t\t\t\t\t\t\t\t\t\t\t<\/div>\n\t\t\t\t<\/div>\n\t\t\t\t\t<\/div>\n\t\t<\/div>\n\t\t\t\t<div class=\"elementor-column elementor-col-33 elementor-top-column elementor-element elementor-element-3215a2c\" data-id=\"3215a2c\" data-element_type=\"column\" data-e-type=\"column\">\n\t\t\t<div class=\"elementor-widget-wrap elementor-element-populated\">\n\t\t\t\t\t\t<div class=\"elementor-element elementor-element-70aa553 elementor-widget elementor-widget-text-editor\" data-id=\"70aa553\" data-element_type=\"widget\" data-e-type=\"widget\" data-widget_type=\"text-editor.default\">\n\t\t\t\t<div class=\"elementor-widget-container\">\n\t\t\t\t\t\t\t\t\t<h2><strong>ADELA HRADILOV\u00c1<\/strong><\/h2><p><em>Po\u010das deviatich rokov z\u00e1kladnej \u0161koly som sa venovala\u00a0klav\u00edru, spevu a tancu v ZU\u0160 Moravsk\u00e9 Lieskov\u00e9. Spev ma jednozna\u010dne bavil najviac. Odmali\u010dka som spievala na r\u00f4znych kult\u00farnych podujatiach a ka\u017edoro\u010dne som sa z\u00fa\u010dast\u0148ovala s\u00fa\u0165a\u017ee Sl\u00e1vik Slovenska aj so zauj\u00edmav\u00fdmi umiestneniami. N\u00e1stupom na stredn\u00fa \u0161kolu som sa t\u00fdmto vo\u013eno\u010dasov\u00fdm aktivit\u00e1m prestala venova\u0165, ale v\u00a0speve pokra\u010dujem pod veden\u00edm Janky Fer\u00edkovej v Starej\u00a0Turej, kde \u00fa\u010dinkujem v\u00a0detsk\u00fdch a\u00a0ml\u00e1de\u017en\u00edckych muzik\u00e1loch.<\/em><\/p><p><em>V auguste 2021 ma oslovila M\u00e1ria Vol\u00e1rov\u00e1 s ponukou spievania v kapele <strong>Hudba na tanieri<\/strong>. Vedela som, \u017ee je to v\u00e1\u017ene rozhodnutie, z\u00e1rove\u0148 ve\u013ek\u00e1 pr\u00edle\u017eitos\u0165 naplni\u0165 m\u00f4j tajn\u00fd sen spieva\u0165 s\u00a0kapelou.\u00a0<\/em><\/p><p><em>Hudobn\u00fd talent som istotne zdedila po dedkovi Petrovi Hradilovi, ktor\u00fd bol dlhoro\u010dn\u00fdm dirigentom viacer\u00fdch prest\u00ed\u017enych spev\u00e1ckych zborov a\u00a0uzn\u00e1van\u00fdm pedag\u00f3gom na V\u0160MU v Bratislave.<\/em><\/p><p><em>Nav\u0161tevujem Stredn\u00fa pedagogick\u00fa \u0161kolu sv. Andreja Svorada a Benedikta v\u00a0Tren\u010d\u00edne, odbor u\u010dite\u013eka v M\u0160. Tento rok nastupujem do maturitn\u00e9ho ro\u010dn\u00edka a\u00a0\u010falej pl\u00e1nujem pokra\u010dova\u0165 v\u00a0\u0161t\u00fadiu na Pedagogickej fakulte UK v Bratislave.<\/em><\/p><p><em>Hudba ma ve\u013emi bav\u00ed a pl\u00e1nujem sa jej venova\u0165 aj v\u00a0bud\u00facnosti, av\u0161ak nevylu\u010dujem, \u017ee zo m\u0148a bude dobr\u00e1 u\u010dite\u013eka v \u0161kole alebo \u0161k\u00f4lke tak, ako som sa to hr\u00e1vala u\u017e mali\u010dka.:)<\/em><\/p>\t\t\t\t\t\t\t\t<\/div>\n\t\t\t\t<\/div>\n\t\t\t\t\t<\/div>\n\t\t<\/div>\n\t\t\t\t\t<\/div>\n\t\t<\/section>\n\t\t\t\t<section class=\"elementor-section elementor-top-section elementor-element elementor-element-8531209 elementor-section-boxed elementor-section-height-default elementor-section-height-default\" data-id=\"8531209\" data-element_type=\"section\" data-e-type=\"section\" data-settings=\"{&quot;background_background&quot;:&quot;classic&quot;}\">\n\t\t\t\t\t\t<div class=\"elementor-container elementor-column-gap-default\">\n\t\t\t\t\t<div class=\"elementor-column elementor-col-33 elementor-top-column elementor-element elementor-element-5a70817\" data-id=\"5a70817\" data-element_type=\"column\" data-e-type=\"column\">\n\t\t\t<div class=\"elementor-widget-wrap elementor-element-populated\">\n\t\t\t\t\t\t<div class=\"elementor-element elementor-element-cf09ad0 elementor-widget elementor-widget-text-editor\" data-id=\"cf09ad0\" data-element_type=\"widget\" data-e-type=\"widget\" data-widget_type=\"text-editor.default\">\n\t\t\t\t<div class=\"elementor-widget-container\">\n\t\t\t\t\t\t\t\t\t<h2><strong>TAMARA C\u00cdSA\u0158OV\u00c1<\/strong><\/h2><p><em>Jsem kapeln\u00ed dinosau\u0159ice. Housle jsem absolvovala na plze\u0148sk\u00e9 konzervato\u0159i a krom\u011b v\u00fduky se v\u011bnuji p\u0159ev\u00e1\u017en\u011b nev\u00e1\u017en\u00fdm \u017e\u00e1nr\u016fm hudby. Od p\u0159\u00edrody jsem toti\u017e lehce roztr\u017eit\u00fd l\u00edn\u00fd workoholik (nebo pracovit\u00fd lenoch?) a klasick\u00e1 hudba vy\u017eaduje dokonal\u00e9 zvl\u00e1dnut\u00ed, tedy sp\u00ed\u0161e pracovit\u00e9ho a soust\u0159ed\u011bn\u00e9ho workoholika. Pom\u011brn\u011b dlouho jsem se v\u011bnovala country hudb\u011b. Proto\u017ee jsem jej\u00ed potenci\u00e1l vy\u010derpala a p\u0159estala m\u011b bavit, vyu\u017eila jsem \u0161ance hr\u00e1t v rockov\u00e9 kapele a sou\u010dasn\u011b v muzik\u00e1lov\u00e9m orchestru Divadla J.K.Tyla v Plzni. Tam jsem setrvala dosud a krom\u011b toho vystupuji s plze\u0148sk\u00fdm souborem st\u0159edov\u011bk\u00e9 hudby G\u00f3thien.\u00a0<\/em><\/p><p><em>V\u00a0roce 2020 jsem dostala nab\u00eddku \u00fa\u010dastnit se zaj\u00edmav\u00e9ho projektu <strong>Hudba na tal\u00ed\u0159i<\/strong>.<\/em><\/p><p><em>Kdy\u017e zrovna n\u011bkde nehraji, u\u010d\u00edm d\u011bti i dosp\u011bl\u00e9 v ZU\u0160 nebo se sna\u017e\u00edm p\u0159isp\u011bt k l\u00e9\u010debn\u00e9mu procesu lidem v Psychiatrick\u00e9 nemocnici v Dob\u0159anech.<\/em><\/p>\t\t\t\t\t\t\t\t<\/div>\n\t\t\t\t<\/div>\n\t\t\t\t\t<\/div>\n\t\t<\/div>\n\t\t\t\t<div class=\"elementor-column elementor-col-66 elementor-top-column elementor-element elementor-element-9d588cb\" data-id=\"9d588cb\" data-element_type=\"column\" data-e-type=\"column\">\n\t\t\t<div class=\"elementor-widget-wrap elementor-element-populated\">\n\t\t\t\t\t\t<div class=\"elementor-element elementor-element-0c680a0 elementor-widget elementor-widget-image\" data-id=\"0c680a0\" data-element_type=\"widget\" data-e-type=\"widget\" data-widget_type=\"image.default\">\n\t\t\t\t<div class=\"elementor-widget-container\">\n\t\t\t\t\t\t\t\t\t\t\t\t\t\t\t<img decoding=\"async\" width=\"768\" height=\"591\" src=\"https:\/\/hudbanatanieri.cz\/wp-content\/uploads\/2022\/08\/12-768x591.jpg\" class=\"attachment-medium_large size-medium_large wp-image-1473\" alt=\"\" srcset=\"https:\/\/hudbanatanieri.cz\/wp-content\/uploads\/2022\/08\/12-768x591.jpg 768w, https:\/\/hudbanatanieri.cz\/wp-content\/uploads\/2022\/08\/12-300x231.jpg 300w, https:\/\/hudbanatanieri.cz\/wp-content\/uploads\/2022\/08\/12.jpg 800w\" sizes=\"(max-width: 768px) 100vw, 768px\" \/>\t\t\t\t\t\t\t\t\t\t\t\t\t\t\t<\/div>\n\t\t\t\t<\/div>\n\t\t\t\t\t<\/div>\n\t\t<\/div>\n\t\t\t\t\t<\/div>\n\t\t<\/section>\n\t\t\t\t<section class=\"elementor-section elementor-top-section elementor-element elementor-element-82d87cf elementor-section-boxed elementor-section-height-default elementor-section-height-default\" data-id=\"82d87cf\" data-element_type=\"section\" data-e-type=\"section\" data-settings=\"{&quot;background_background&quot;:&quot;classic&quot;}\">\n\t\t\t\t\t\t<div class=\"elementor-container elementor-column-gap-default\">\n\t\t\t\t\t<div class=\"elementor-column elementor-col-33 elementor-top-column elementor-element elementor-element-bad4eea\" data-id=\"bad4eea\" data-element_type=\"column\" data-e-type=\"column\">\n\t\t\t<div class=\"elementor-widget-wrap elementor-element-populated\">\n\t\t\t\t\t\t<div class=\"elementor-element elementor-element-baec933 elementor-widget elementor-widget-image\" data-id=\"baec933\" data-element_type=\"widget\" data-e-type=\"widget\" data-widget_type=\"image.default\">\n\t\t\t\t<div class=\"elementor-widget-container\">\n\t\t\t\t\t\t\t\t\t\t\t\t\t\t\t<img loading=\"lazy\" decoding=\"async\" width=\"600\" height=\"899\" src=\"https:\/\/hudbanatanieri.cz\/wp-content\/uploads\/2022\/08\/Ivan-1.jpg\" class=\"attachment-large size-large wp-image-1329\" alt=\"\" srcset=\"https:\/\/hudbanatanieri.cz\/wp-content\/uploads\/2022\/08\/Ivan-1.jpg 600w, https:\/\/hudbanatanieri.cz\/wp-content\/uploads\/2022\/08\/Ivan-1-200x300.jpg 200w\" sizes=\"(max-width: 600px) 100vw, 600px\" \/>\t\t\t\t\t\t\t\t\t\t\t\t\t\t\t<\/div>\n\t\t\t\t<\/div>\n\t\t\t\t\t<\/div>\n\t\t<\/div>\n\t\t\t\t<div class=\"elementor-column elementor-col-66 elementor-top-column elementor-element elementor-element-2d27e2a\" data-id=\"2d27e2a\" data-element_type=\"column\" data-e-type=\"column\">\n\t\t\t<div class=\"elementor-widget-wrap elementor-element-populated\">\n\t\t\t\t\t\t<div class=\"elementor-element elementor-element-a4f22f8 elementor-widget elementor-widget-text-editor\" data-id=\"a4f22f8\" data-element_type=\"widget\" data-e-type=\"widget\" data-widget_type=\"text-editor.default\">\n\t\t\t\t<div class=\"elementor-widget-container\">\n\t\t\t\t\t\t\t\t\t<h2><strong>IVAN KUDRNA<\/strong><\/h2><p><em>Muzika m\u011b asi v\u017edycky zaj\u00edmala. Vzpom\u00edn\u00e1m na pozorov\u00e1n\u00ed odstrojen\u00e9ho pianina a neum\u011blou hru na tento n\u00e1stroj, kdy\u017e mi bylo\u00a0tak\u00a0kolem 10 let. Je to u\u017e docela d\u00e1vno, ale ta fascinace je v\u00a0m\u00e9 mysli dodnes.<\/em><\/p><p><em>Jsem asi nejmlsn\u011bj\u0161\u00ed jaz\u00fd\u010dek kapely, r\u00e1d ochutn\u00e1v\u00e1m a n\u00e1sledn\u011b zkou\u0161\u00edm p\u0159ipravit nov\u00e9, nepoznan\u00e9 pokrmy. Se stejn\u00fdm zaujet\u00edm\u00a0zkou\u0161\u00edm nov\u00e9 hudebn\u00ed \u017e\u00e1nry a tak jsem za tu dlouhou dobu zkusil u\u017e vlastn\u011b leccos. Folk, c\u00edrkevn\u00ed hudbu, jazz, swing, st\u0159edov\u011bkou hudbu, francouzk\u00fd chanson, klezmer, irskou hudbu (kapely: \u00a0Con Brio, NOI, Donna mama, Pilsner jazz band, G\u00f3thien, Anne\u0161ant\u00e9, Mimartef, Poit\u00edn). <strong>Hudba na tal\u00ed\u0159i<\/strong>\u00a0je tedy jak\u00fdmsi logick\u00fdm spojen\u00edm obou m\u00fdch v\u00e1\u0161n\u00ed.<\/em><\/p><p><em>\u00a0Hudebn\u011b jsem se trochu m\u00e1lo vzd\u011blal na lidu\u0161ce v Plzni. O hodn\u011b let pozd\u011bji, po dokon\u010den\u00ed V\u0160SE v Plzni, jsem studoval jazzovou kytaru na Konzervato\u0159i Jaroslava Je\u017eka v Praze. V posledn\u00edch letech se mi n\u011bjak postavil do cesty kontrabas, na kter\u00fd hraji \u010d\u00edm d\u00e1l v\u00edce. Je to skv\u011bl\u00fd n\u00e1stroj. Pr\u00fd ho sice nikdo neposlouch\u00e1, ale kdo si s kontrabasem n\u011bkdy zahr\u00e1l, v\u00ed, \u017ee bez n\u011bj to nen\u00ed ono a chce hr\u00e1t u\u017e jen s n\u00edm. Taky pracuji v muzik\u00e1lov\u00e9m orchestru DJKT Plze\u0148 jako kytarista a v\u011bnuji se pedagogice v ZU\u0160 Plze\u0148 a T\u0159emo\u0161n\u00e1.<\/em><\/p><p><em>Jeden by si tedy mohl myslet, \u017ee u\u017e zn\u00e1m dost, j\u00e1 si v\u0161ak p\u0159ipad\u00e1m st\u00e1le na cest\u011b a s pocitem, \u017ee je je\u0161t\u011b mnoho co se nau\u010dit a objevit a zkusit.<\/em><\/p>\t\t\t\t\t\t\t\t<\/div>\n\t\t\t\t<\/div>\n\t\t\t\t\t<\/div>\n\t\t<\/div>\n\t\t\t\t\t<\/div>\n\t\t<\/section>\n\t\t\t\t<\/div>\n\t\t","protected":false},"excerpt":{"rendered":"<p>\u010cLENOV\u00c9 HUDBY NA TANIERI M\u00c1RIA VOL\u00c1ROV\u00c1: V projekte Hudba na tanieri\u00a0sa mi spojilo v\u0161etko, \u010do m\u00e1m rada. Hudba, z\u00e1ujem o\u00a0hist\u00f3riu, literat\u00faru, cestovanie, spozn\u00e1vanie \u013eud\u00ed, inakost\u00ed, chut\u00ed a\u00a0v\u00f4n\u00ed \u017eivota. Moja hudobn\u00e1 cesta sa za\u010dala v\u00a0rodine a\u00a0na ZU\u0160 vo Zvolene, pokra\u010dovala na Konzervat\u00f3riu J.L.Bellu v\u00a0Banskej Bystrici (odbor cirkevn\u00e1 hudba) a Akad\u00e9mii umen\u00ed v\u00a0Banskej Bystrici (odbor dirigovanie zboru). &hellip;<\/p>\n<p class=\"read-more\"> <a class=\"\" href=\"https:\/\/hudbanatanieri.cz\/?page_id=1458\"> <span class=\"screen-reader-text\">\u010clenov\u00e9<\/span> Read More &raquo;<\/a><\/p>\n","protected":false},"author":1,"featured_media":0,"parent":0,"menu_order":0,"comment_status":"closed","ping_status":"closed","template":"","meta":{"site-sidebar-layout":"no-sidebar","site-content-layout":"page-builder","ast-global-header-display":"","ast-main-header-display":"","ast-hfb-above-header-display":"","ast-hfb-below-header-display":"","ast-hfb-mobile-header-display":"","site-post-title":"disabled","ast-breadcrumbs-content":"","ast-featured-img":"disabled","footer-sml-layout":"","theme-transparent-header-meta":"","adv-header-id-meta":"","stick-header-meta":"","header-above-stick-meta":"","header-main-stick-meta":"","header-below-stick-meta":"","footnotes":""},"class_list":["post-1458","page","type-page","status-publish","hentry"],"_links":{"self":[{"href":"https:\/\/hudbanatanieri.cz\/index.php?rest_route=\/wp\/v2\/pages\/1458","targetHints":{"allow":["GET"]}}],"collection":[{"href":"https:\/\/hudbanatanieri.cz\/index.php?rest_route=\/wp\/v2\/pages"}],"about":[{"href":"https:\/\/hudbanatanieri.cz\/index.php?rest_route=\/wp\/v2\/types\/page"}],"author":[{"embeddable":true,"href":"https:\/\/hudbanatanieri.cz\/index.php?rest_route=\/wp\/v2\/users\/1"}],"replies":[{"embeddable":true,"href":"https:\/\/hudbanatanieri.cz\/index.php?rest_route=%2Fwp%2Fv2%2Fcomments&post=1458"}],"version-history":[{"count":34,"href":"https:\/\/hudbanatanieri.cz\/index.php?rest_route=\/wp\/v2\/pages\/1458\/revisions"}],"predecessor-version":[{"id":1571,"href":"https:\/\/hudbanatanieri.cz\/index.php?rest_route=\/wp\/v2\/pages\/1458\/revisions\/1571"}],"wp:attachment":[{"href":"https:\/\/hudbanatanieri.cz\/index.php?rest_route=%2Fwp%2Fv2%2Fmedia&parent=1458"}],"curies":[{"name":"wp","href":"https:\/\/api.w.org\/{rel}","templated":true}]}}